{"id":109,"date":"2021-02-05T07:35:40","date_gmt":"2021-02-05T07:35:40","guid":{"rendered":"http:\/\/drtopic.com\/?page_id=109"},"modified":"2021-12-26T14:50:33","modified_gmt":"2021-12-26T14:50:33","slug":"nas-tim","status":"publish","type":"page","link":"https:\/\/drtopic.com\/?page_id=109","title":{"rendered":"NA\u0160 TIM"},"content":{"rendered":"\n<p><\/p>\n\n\n\n<div class=\"wp-block-media-text alignwide is-stacked-on-mobile\"><figure class=\"wp-block-media-text__media\"><img decoding=\"async\" loading=\"lazy\" width=\"1024\" height=\"683\" src=\"http:\/\/drtopic.com\/wp-content\/uploads\/2021\/02\/IMG_8973-1024x683.jpg\" alt=\"\" class=\"wp-image-110 size-full\" srcset=\"https:\/\/drtopic.com\/wp-content\/uploads\/2021\/02\/IMG_8973-1024x683.jpg 1024w, https:\/\/drtopic.com\/wp-content\/uploads\/2021\/02\/IMG_8973-300x200.jpg 300w, https:\/\/drtopic.com\/wp-content\/uploads\/2021\/02\/IMG_8973-150x100.jpg 150w, https:\/\/drtopic.com\/wp-content\/uploads\/2021\/02\/IMG_8973-768x512.jpg 768w, https:\/\/drtopic.com\/wp-content\/uploads\/2021\/02\/IMG_8973-1536x1024.jpg 1536w, https:\/\/drtopic.com\/wp-content\/uploads\/2021\/02\/IMG_8973-2048x1365.jpg 2048w\" sizes=\"(max-width: 1024px) 100vw, 1024px\" \/><\/figure><div class=\"wp-block-media-text__content\">\n<p>Dr Gordana Topi\u0107 (ro\u0111ena Trivali\u0107) stomatolo\u0161ki fakultet je zavr\u0161ila u Beogradu 1994. godine. Od 1996. godine se bavi privatnom praksom. 1999. godine osniva svoju ordinaciju gdje uz kontinuiranu edukaciju, te usavr\u0161avanje na seminarima i stru\u010dnim kursevima, s posebnom pa\u017enjom prati najnovija svjetska dostignu\u0107a u oblasti stomatologije i uveliko ih primjenjuje.<\/p>\n\n\n\n<p><\/p>\n\n\n\n<p><\/p>\n<\/div><\/div>\n\n\n\n<p><\/p>\n\n\n\n<div class=\"wp-block-media-text alignwide is-stacked-on-mobile\"><figure class=\"wp-block-media-text__media\"><img decoding=\"async\" loading=\"lazy\" width=\"1024\" height=\"683\" src=\"http:\/\/drtopic.com\/wp-content\/uploads\/2021\/02\/IMG_9040-1024x683.jpg\" alt=\"\" class=\"wp-image-113 size-full\" srcset=\"https:\/\/drtopic.com\/wp-content\/uploads\/2021\/02\/IMG_9040-1024x683.jpg 1024w, https:\/\/drtopic.com\/wp-content\/uploads\/2021\/02\/IMG_9040-300x200.jpg 300w, https:\/\/drtopic.com\/wp-content\/uploads\/2021\/02\/IMG_9040-150x100.jpg 150w, https:\/\/drtopic.com\/wp-content\/uploads\/2021\/02\/IMG_9040-768x512.jpg 768w, https:\/\/drtopic.com\/wp-content\/uploads\/2021\/02\/IMG_9040-1536x1024.jpg 1536w, https:\/\/drtopic.com\/wp-content\/uploads\/2021\/02\/IMG_9040-2048x1365.jpg 2048w\" sizes=\"(max-width: 1024px) 100vw, 1024px\" \/><\/figure><div class=\"wp-block-media-text__content\">\n<p>Dr Nevena Mali\u0107 stomatolo\u0161ki fakultet je zavr\u0161ila u Banjoj Luci 2014. godine. Od 2014. godine zaposlena je u na\u0161oj ordinaciji. Trenutno je u zavr\u0161noj fazi specijalizacije iz Oralne hirurgije.<\/p>\n<\/div><\/div>\n\n\n\n<p><\/p>\n\n\n\n<div class=\"wp-block-media-text alignwide is-stacked-on-mobile\"><figure class=\"wp-block-media-text__media\"><img decoding=\"async\" loading=\"lazy\" width=\"1024\" height=\"683\" src=\"http:\/\/drtopic.com\/wp-content\/uploads\/2021\/02\/IMG_8982-1024x683.jpg\" alt=\"\" class=\"wp-image-115 size-full\" srcset=\"https:\/\/drtopic.com\/wp-content\/uploads\/2021\/02\/IMG_8982-1024x683.jpg 1024w, https:\/\/drtopic.com\/wp-content\/uploads\/2021\/02\/IMG_8982-300x200.jpg 300w, https:\/\/drtopic.com\/wp-content\/uploads\/2021\/02\/IMG_8982-150x100.jpg 150w, https:\/\/drtopic.com\/wp-content\/uploads\/2021\/02\/IMG_8982-768x512.jpg 768w, https:\/\/drtopic.com\/wp-content\/uploads\/2021\/02\/IMG_8982-1536x1024.jpg 1536w, https:\/\/drtopic.com\/wp-content\/uploads\/2021\/02\/IMG_8982-2048x1365.jpg 2048w\" sizes=\"(max-width: 1024px) 100vw, 1024px\" \/><\/figure><div class=\"wp-block-media-text__content\">\n<p>Dr Ivana Trivali\u0107 (ro\u0111ena Popovi\u0107) stomatolo\u0161ki faklutet zavr\u0161ila je u Banjoj Luci 2015. godine od kada je dio tima na\u0161e ordinacije. Odlu\u010dnim i nesebi\u010dnim radom posebno se isti\u010de na polju estetske stomatologije i protetike.<\/p>\n<\/div><\/div>\n\n\n\n<p><\/p>\n\n\n\n<div class=\"wp-block-media-text alignwide is-stacked-on-mobile\"><figure class=\"wp-block-media-text__media\"><img decoding=\"async\" loading=\"lazy\" width=\"1024\" height=\"480\" src=\"http:\/\/drtopic.com\/wp-content\/uploads\/2021\/02\/IMG_9044-1024x480.jpg\" alt=\"\" class=\"wp-image-116 size-full\" srcset=\"https:\/\/drtopic.com\/wp-content\/uploads\/2021\/02\/IMG_9044-1024x480.jpg 1024w, https:\/\/drtopic.com\/wp-content\/uploads\/2021\/02\/IMG_9044-300x141.jpg 300w, https:\/\/drtopic.com\/wp-content\/uploads\/2021\/02\/IMG_9044-150x70.jpg 150w, https:\/\/drtopic.com\/wp-content\/uploads\/2021\/02\/IMG_9044-768x360.jpg 768w, https:\/\/drtopic.com\/wp-content\/uploads\/2021\/02\/IMG_9044-1536x720.jpg 1536w, https:\/\/drtopic.com\/wp-content\/uploads\/2021\/02\/IMG_9044-2048x960.jpg 2048w\" sizes=\"(max-width: 1024px) 100vw, 1024px\" \/><\/figure><div class=\"wp-block-media-text__content\">\n<p>Nata\u0161a Todorovi\u0107, stomatolo\u0161ki asistent, zaposlena od osnivanja ordinacije, uvijek je na usluzi na\u0161im pacijentima.<\/p>\n<\/div><\/div>\n\n\n\n<p><\/p>\n\n\n\n<div class=\"wp-block-media-text alignwide is-stacked-on-mobile\"><figure class=\"wp-block-media-text__media\"><img decoding=\"async\" loading=\"lazy\" width=\"1024\" height=\"563\" src=\"http:\/\/drtopic.com\/wp-content\/uploads\/2021\/02\/IMG_9021-1024x563.jpg\" alt=\"\" class=\"wp-image-121 size-full\" srcset=\"https:\/\/drtopic.com\/wp-content\/uploads\/2021\/02\/IMG_9021-1024x563.jpg 1024w, https:\/\/drtopic.com\/wp-content\/uploads\/2021\/02\/IMG_9021-300x165.jpg 300w, https:\/\/drtopic.com\/wp-content\/uploads\/2021\/02\/IMG_9021-150x82.jpg 150w, https:\/\/drtopic.com\/wp-content\/uploads\/2021\/02\/IMG_9021-768x422.jpg 768w, https:\/\/drtopic.com\/wp-content\/uploads\/2021\/02\/IMG_9021-1536x845.jpg 1536w, https:\/\/drtopic.com\/wp-content\/uploads\/2021\/02\/IMG_9021-2048x1126.jpg 2048w\" sizes=\"(max-width: 1024px) 100vw, 1024px\" \/><\/figure><div class=\"wp-block-media-text__content\">\n<p>Samira Selimovi\u0107, stomatolo\u0161ki asistent, je dio na\u0161eg tima od 2006. godine. Odgovorna, komunikativna i posve\u0107ena na\u0161im pacijentima<\/p>\n<\/div><\/div>\n\n\n\n<p><\/p>\n\n\n\n<div class=\"wp-block-media-text alignwide is-stacked-on-mobile\"><figure class=\"wp-block-media-text__media\"><img decoding=\"async\" loading=\"lazy\" width=\"1024\" height=\"520\" src=\"http:\/\/drtopic.com\/wp-content\/uploads\/2021\/02\/IMG_9031-1024x520.jpg\" alt=\"\" class=\"wp-image-122 size-full\" srcset=\"https:\/\/drtopic.com\/wp-content\/uploads\/2021\/02\/IMG_9031-1024x520.jpg 1024w, https:\/\/drtopic.com\/wp-content\/uploads\/2021\/02\/IMG_9031-300x152.jpg 300w, https:\/\/drtopic.com\/wp-content\/uploads\/2021\/02\/IMG_9031-150x76.jpg 150w, https:\/\/drtopic.com\/wp-content\/uploads\/2021\/02\/IMG_9031-768x390.jpg 768w, https:\/\/drtopic.com\/wp-content\/uploads\/2021\/02\/IMG_9031-1536x780.jpg 1536w, https:\/\/drtopic.com\/wp-content\/uploads\/2021\/02\/IMG_9031-2048x1040.jpg 2048w\" sizes=\"(max-width: 1024px) 100vw, 1024px\" \/><\/figure><div class=\"wp-block-media-text__content\">\n<p>Daria Vrhovac, stomatolo\u0161ki asistent, najmla\u0111i \u010dlan na\u0161eg tima. Vedrinom i predanim radom upotpunjuje na\u0161 tim.<\/p>\n<\/div><\/div>\n","protected":false},"excerpt":{"rendered":"<p>Dr Gordana Topi\u0107 (ro\u0111ena Trivali\u0107) stomatolo\u0161ki fakultet je zavr\u0161ila u Beogradu 1994. godine. Od 1996. godine se bavi privatnom praksom. 1999. godine osniva svoju ordinaciju gdje uz kontinuiranu edukaciju, te usavr\u0161avanje na seminarima i stru\u010dnim kursevima, s posebnom pa\u017enjom prati najnovija svjetska dostignu\u0107a u oblasti stomatologije i uveliko ih primjenjuje. Dr Nevena Mali\u0107 stomatolo\u0161ki fakultet [&hellip;]<\/p>\n","protected":false},"author":1,"featured_media":0,"parent":0,"menu_order":0,"comment_status":"closed","ping_status":"closed","template":"","meta":[],"_links":{"self":[{"href":"https:\/\/drtopic.com\/index.php?rest_route=\/wp\/v2\/pages\/109"}],"collection":[{"href":"https:\/\/drtopic.com\/index.php?rest_route=\/wp\/v2\/pages"}],"about":[{"href":"https:\/\/drtopic.com\/index.php?rest_route=\/wp\/v2\/types\/page"}],"author":[{"embeddable":true,"href":"https:\/\/drtopic.com\/index.php?rest_route=\/wp\/v2\/users\/1"}],"replies":[{"embeddable":true,"href":"https:\/\/drtopic.com\/index.php?rest_route=%2Fwp%2Fv2%2Fcomments&post=109"}],"version-history":[{"count":12,"href":"https:\/\/drtopic.com\/index.php?rest_route=\/wp\/v2\/pages\/109\/revisions"}],"predecessor-version":[{"id":210,"href":"https:\/\/drtopic.com\/index.php?rest_route=\/wp\/v2\/pages\/109\/revisions\/210"}],"wp:attachment":[{"href":"https:\/\/drtopic.com\/index.php?rest_route=%2Fwp%2Fv2%2Fmedia&parent=109"}],"curies":[{"name":"wp","href":"https:\/\/api.w.org\/{rel}","templated":true}]}}