{"id":14,"date":"2017-01-12T11:51:09","date_gmt":"2017-01-12T11:51:09","guid":{"rendered":"http:\/\/drtopic.com\/?page_id=14"},"modified":"2021-12-26T14:49:39","modified_gmt":"2021-12-26T14:49:39","slug":"usluge","status":"publish","type":"page","link":"https:\/\/drtopic.com\/?page_id=14","title":{"rendered":"USLUGE"},"content":{"rendered":"<p>AMBULANTA OP\u0160TE STOMATOLOGIJE &#8220;dr Topi\u0107&#8221; VR\u0160I USLUGE:<\/p>\n<p>Dje\u010dija i preventivna stomatologija:<br \/>\n&#8211; zalivanje fisura<br \/>\n&#8211; va\u0111enje mlije\u010dnih i stalnih zuba<br \/>\n&#8211; plombiranje mlije\u010dnih i stalnih zuba<br \/>\n&#8211; fluorisanje zuba<br \/>\n&#8211; obu\u010davanje pravilnoj higijeni usta<\/p>\n<p>Ortodoncija (ortopedija vilica):<br \/>\n&#8211; ortodontski specijalisti\u010dki pregledi<br \/>\n&#8211; izrada mobilnih ortodontskih aparata (proteza)<br \/>\n&#8211; izrada fiksnih ortodontskih aparata (proteza)<\/p>\n<p>Estetska i konzervativna stomatologija:<br \/>\n&#8211; plombiranje zuba savremenim kompozitnim materijalima (bijele plombe)<br \/>\n&#8211; plombiranje zuba amalgamom (siva plomba)<br \/>\n&#8211; izbjeljivanje zuba<br \/>\n&#8211; ugradnja dentalnog nakita<br \/>\n&#8211; lije\u010denje kanala korjena zuba<\/p>\n<p>Stomatolo\u0161ka protetika:<br \/>\n&#8211; izrada parcijalnih akrilatnih proteza<br \/>\n&#8211; izrada totalnih proteza<br \/>\n&#8211; izrada vizil proteza<br \/>\n&#8211; ugradnja ate\u010dmena<br \/>\n&#8211; teleskop krunica<br \/>\n&#8211; izrada livenih nadogradnji<br \/>\n&#8211; izrada metalokerami\u010dkih krunica<br \/>\n&#8211; izrada bezmetalnih kerami\u010dkih krunica<br \/>\n&#8211; izrada metalokerami\u010dkih mostova<br \/>\n&#8211; izrada nadoknada nad implantatima itd.<\/p>\n<p>Oralna hirurgija:<br \/>\n&#8211; va\u0111enje zuba<br \/>\n&#8211; va\u0111enje impaktiranih zuba*<br \/>\n&#8211; operacije cisti i granuloma*<br \/>\n&#8211; nivelacija grebena*<br \/>\n&#8211; produbljivanje forniksa*<br \/>\n&#8211; uklanjanje plika, frenuloma*<br \/>\n&#8211; va\u0111enje zalomljenih korjenova*<br \/>\n&#8211; ugradnja ITI impantata*<br \/>\n&#8211; zatvaranje sinusa itd.*<\/p>\n<p>* vr\u0161imo usluge u saradnji sa oralnim hirurgom<\/p>\n<p>Parodontolo\u0161ki tretmani:<br \/>\n&#8211; uklanjanje kamenca<br \/>\n&#8211; uklanjanje mekih naslaga<br \/>\n&#8211; terapija parodontalnih d\u017eepova<br \/>\n&#8211; parodontalne operacije&#8230;<\/p>\n","protected":false},"excerpt":{"rendered":"<p>AMBULANTA OP\u0160TE STOMATOLOGIJE &#8220;dr Topi\u0107&#8221; VR\u0160I USLUGE: Dje\u010dija i preventivna stomatologija: &#8211; zalivanje fisura &#8211; va\u0111enje mlije\u010dnih i stalnih zuba &#8211; plombiranje mlije\u010dnih i stalnih zuba &#8211; fluorisanje zuba &#8211; obu\u010davanje pravilnoj higijeni usta Ortodoncija (ortopedija vilica): &#8211; ortodontski specijalisti\u010dki pregledi &#8211; izrada mobilnih ortodontskih aparata (proteza) &#8211; izrada fiksnih ortodontskih aparata (proteza) Estetska i [&hellip;]<\/p>\n","protected":false},"author":1,"featured_media":0,"parent":0,"menu_order":0,"comment_status":"closed","ping_status":"closed","template":"","meta":[],"_links":{"self":[{"href":"https:\/\/drtopic.com\/index.php?rest_route=\/wp\/v2\/pages\/14"}],"collection":[{"href":"https:\/\/drtopic.com\/index.php?rest_route=\/wp\/v2\/pages"}],"about":[{"href":"https:\/\/drtopic.com\/index.php?rest_route=\/wp\/v2\/types\/page"}],"author":[{"embeddable":true,"href":"https:\/\/drtopic.com\/index.php?rest_route=\/wp\/v2\/users\/1"}],"replies":[{"embeddable":true,"href":"https:\/\/drtopic.com\/index.php?rest_route=%2Fwp%2Fv2%2Fcomments&post=14"}],"version-history":[{"count":5,"href":"https:\/\/drtopic.com\/index.php?rest_route=\/wp\/v2\/pages\/14\/revisions"}],"predecessor-version":[{"id":216,"href":"https:\/\/drtopic.com\/index.php?rest_route=\/wp\/v2\/pages\/14\/revisions\/216"}],"wp:attachment":[{"href":"https:\/\/drtopic.com\/index.php?rest_route=%2Fwp%2Fv2%2Fmedia&parent=14"}],"curies":[{"name":"wp","href":"https:\/\/api.w.org\/{rel}","templated":true}]}}