{"id":16,"date":"2017-01-12T11:51:30","date_gmt":"2017-01-12T11:51:30","guid":{"rendered":"http:\/\/drtopic.com\/?page_id=16"},"modified":"2020-12-29T08:12:25","modified_gmt":"2020-12-29T08:12:25","slug":"savjeti","status":"publish","type":"page","link":"https:\/\/drtopic.com\/?page_id=16","title":{"rendered":"SAVJETI"},"content":{"rendered":"\n\n\n<p>Stranica posve\u0107ena savjetima o njezi i za\u0161titi zuba.<\/p>\n\n\n\n<p>Od samog osnivanja Stomatolo\u0161ka ordinacija dr Topi\u0107 posebnu pa\u017enju poklanja edukovanju svojih pacijenata. Tako je i danas: \u017eelja za nesebi\u010dnim davanjem i pru\u017eanjem informacija bitan je segment profesionalne djelatnosti. Razgovor sa pacijentom je neophodan, to je pristup kojim se ostvaruje kontakt sa pacijentom.<\/p>\n\n\n\n<p>\u017delimo da Vas posavjetujemo, da Vam pomognemo, da Vas nau\u010dimo, da Va\u0161 dolazak kod nas ne predstavlja samo rutinski rad stomatologa bez Va\u0161e saradnje. Odgovori\u0107emo na neka Va\u0161a pitanja, pribli\u017eit \u0107emo Vam jedan segment na\u0161e profesije. Ovi tekstovi su na\u010dinjeni na osnovu iskustva i permanentne analize stanja pacijenata, a prikazani su na sajtu sa ciljem edukacije.<\/p>\n\n\n\n<ul><li>Preventiva ili terapija?<\/li><\/ul>\n\n\n\n<p>&#8220;Bolje sprije\u010diti, nego lije\u010diti !&#8221; Preventivni postupci va\u017eni su prije, za vrijeme i nakon terapije. Pogre\u0161no je mi\u0161ljenje da nakon sanacije usta i zuba preventiva vi\u0161e nije tako va\u017ena. Radije pazite na redovnu dnevnu higijenu zuba i idite na redovne kontrole, jer, zapamtite, preventiva je najpametniji i najisplativiji oblik \u010duvanja oralnog zdravlja. Preventivom se po\u0161tedite boli i tro\u0161ka.<\/p>\n\n\n\n<ul><li>Kako zapo\u010deti sa preventivom?<\/li><\/ul>\n\n\n\n<p>Po mogu\u0107nosti jo\u0161 prije ro\u0111enja. Kontrola desni je obavezna za trudnice! Bakterije prisutne u usnoj duplji mogu pre\u0107i u amnionsku te\u010dnost kod trudnice \u0161to pove\u0107ava rizik od spontanih poba\u010daja, prijevremenih poro\u0111aja i drugih komplikacija opasnih po \u017eivot bebe i majke.<\/p>\n\n\n\n<ul><li>Koliko \u010desto treba oti\u0107i kod stomatologa?<\/li><\/ul>\n\n\n\n<p>Preporu\u010dljivo je oti\u0107i barem dva puta godi\u0161nje, ako ne i \u010de\u0161\u0107e. Tako stomatolog na vrijeme mo\u017ee prepoznati i sprije\u010diti probleme u svojim ranim fazama kad ih je lako rije\u0161iti, prije nego postanu ve\u0107a smetnja. Dobro razmislite \u0161ta vam se vi\u0161e isplati: redovne kontrole i male bezbolne intervencije ili \u010dekati da vas zub zaboli.<\/p>\n\n\n\n<ul><li>\u0160ta podrazumjeva redovnu kontrolu zuba?<\/li><\/ul>\n\n\n\n<p>Tokom redovnih stomatolo\u0161kih kontrola, stomatolog \u0107e vam detaljno pregledati sve zube i prekontrolisati stare plombe, a ukoliko otkrije karijes odmah ga popraviti. Kod redovnih kontrola uglavnom se radi o po\u010detnom karijesu pa \u0107ete takav bezbolan zahvat puno lak\u0161e podnijeti. Kontrolni pregled uklju\u010duje i poliranje zuba specijalnom pastom s antisepti\u010dkim djelovanjem, eventualno \u010di\u0161\u0107enje zubnog kamenca i fluoridaciju primjenom preparata fluora u obliku laka koji se kistom ili \u010detkicom nanosi na prethodno profesionalno o\u010di\u0161\u0107ene i osu\u0161ene zube.<\/p>\n\n\n\n<ul><li>Kada dijete treba prvi put odvesti zubaru?<\/li><\/ul>\n\n\n\n<p>Posjete stomatologu je potrebno zapo\u010deti sa dvije, a najkasnije sa dvije i po godine starosti djeteta. To je potrebno kako bi se kontrolisalo zdravlje usne \u0161upljine djeteta, a ujedno i dijete priviklo na ljekara i ambijent ordinacije i time izbjegao nepotrebni strah od stomatologa.<\/p>\n\n\n\n<ul><li>Kako izbje\u0107i dje\u010dij strah od stomatologa i ordinacije?<\/li><\/ul>\n\n\n\n<p>Dje\u010diji strah od stomatologa uzrokovan je obi\u010dno \u010dinjenicom da dijete nikad prije nije bilo u ordinaciji. Taj osje\u0107aj nepoznatog je \u010dest razlog nervoze. Veliku ulogu u suzbijanju straha djece od zubara imaju prije svega roditelji, koji mali\u0161anu treba da objasne zbog \u010dega su ove posjete va\u017ene i za\u0161to ne treba dozvoliti da se zubi\u0107i pokvare. Roditelji treba, kada pose\u0107uju stomatologa zbog svojih zuba, da sa sobom povedu i dijete kako bi li\u010dnim primjerom uticali na pona\u0161anje djeteta u ordinaciji i dijete naviklo na ambijent ordinacije. Mali pacijent mora znati zbog \u010dega dolazi kod zubnog ljekara. Djetetu ve\u0107 kod ku\u0107e treba govoriti istinu. Nema tako malog djeteta, kome se ne mo\u017ee odgovaraju\u0107im rje\u010dnikom objasniti zbog \u010dega treba popravljati zube i \u0161ta \u0107e se dogoditi ako se to ne u\u010dini. Dijete nikako ne treba, ako nije dobro, pla\u0161iti injekcijama, va\u0111enjem zuba i sl. Nije po\u017eeljno ni da se pred djetetom pani\u010di ili predla\u017ee odlaganje intervencije. Djeca do tri godine obi\u010dno su kod stomatologa uz roditelja za vrijeme tretmana, dok se kod starije djece preporu\u010duje pokazivanje nezavisnosti, a roditelji \u010dekaju ispred ordinacije. Veoma je va\u017eno da se roditelj ne mje\u0161a u komunikaciju izme\u0111u djeteta i stomatologa.<\/p>\n\n\n\n<ul><li>Da li ishrana uti\u010de na zdravlje zuba?<\/li><\/ul>\n\n\n\n<p>Ishrana spada medu najva\u017enije faktore od kojih zavisi razvoj organizma pa i zuba kao dijela cjeline. Uticaj ishrane vr\u0161i se najprije za vrijeme razvoja zuba, zatim na izniklom zubu i na zubu i funkciji. Pravilna ishrana, veoma bitna za zdravlje zuba, naro\u010dito va\u017ena za dojen\u010dad i djecu, a zanemaruje se savremenim na\u010dinom \u017eivota i aktuelnim trendovima u svijetu pa samim tim i kod nas. U razvoju zuba potrebno je ishranom unijeti mineralne soli kalcijiuma, fosfora, magnezljuma i fluora kao i vitamina. Uticaj ishrane na zube u funkciji vr\u0161i se na dva nacina: lokalnim dejstvom hrane i dejstvom hrane preko metabolizma. Lokalne dejstvo hrane mo\u017ee biti mehanicko i hemijsko. \u010cvrsta hrana zahtjeva energi\u010dnije \u017evakanje i anga\u017eovanje mi\u0161ica \u0161to dovodi do poja\u010danog strujanja krvi u vilicama i bolje ishrane zubnog tkiva. Hemijsko dejstvo hrane se ogleda preko djelovanja bjelan\u010devina, masti, i ugljenih hidrata. Bjelan\u010devine se u ustima neznatno menjaju i one imaju alkalicni karakter. Masti se skoro ne mijenjaju a pripisuje im se za\u0161titni karakter od karijesa. Ugljeni hidrati podlije\u017eu najve\u0107im promjenama u ustima i njihovo hemijsko dejstvo je najizra\u017eenije. Smanjena upotreba hrane bogate ugljenim hidratima naro\u010dito slatki\u0161a i ljepljivih tijesta od bijelog bra\u0161na, smanjuje mogucnost pojave karijesa.<\/p>\n\n\n\n<ul><li>\u0160ta dovodi do karijesa?<\/li><\/ul>\n\n\n\n<p>Naj\u010de\u0161\u0107i uzrok je dentalni plak. To su naslage na zubima koje sadr\u017ee ugljene hidrate, bakterije i ostalo. Ako se zubi ne peru pravilno, do\u0107i \u0107e do nakupljanja plaka i uz prisustvo bakterija (streptokoka) dolazi do stvaranja kiselih produkata koji o\u0161te\u0107uju gle\u0111 zuba i tako po\u010dinje karijes. Karijes (zubni kvar) napreduje kroz debljinu gle\u0111i i sti\u017ee do dentina (sloj ispod gle\u0111i). Tu se on mnogo br\u017ee \u0161iri, kako u dubinu, tako i u \u0161irinu. Javlja se bol na hladno, slatko, \u0161to zna\u010di da je karijes napredovao do dubokih slojeva dentina i pribli\u017eio se pulpi (&#8220;zubni \u017eivac&#8221;). Ako se ne reaguje, karijes \u0107e da napreduje dalje, infekcija zahvata pulpu i tada se javljaju jaki spontani bolovi (sami od sebe, ni\u010dim izazvani). Bol traje, u prvo vrijeme, do pola sata, a bezbolne faze su duga\u010dke. Ako se ne interveni\u0161e, bolne faze su sve du\u017ee a bezbolne sve kra\u0107e i tada se govori o oboljenju koje stomatolozi zovu pulpitis.<\/p>\n\n\n\n<ul><li>\u0160ta je zubni kamenac i da li ga treba uklanjati?<\/li><\/ul>\n\n\n\n<p>Zubni kamenac nastaje mineralizacijom (o\u010dvr\u0161\u0107avanjem) mekih naslaga na zubima a u njega se ugra\u0111uju i magnezijumove i druge soli iz pljuva\u010dke. Kamenac je \u017eu\u0107kaste boje, ali dolazi do njegovog prebojavanja pigmentima iz hrane i pi\u0107a. Kod pu\u0161a\u010da dolazi do prebojavanja u crnu boju. Kamenac se naj\u010de\u0161\u0107e nakuplja sa jezi\u010dne strane donjih prednjih zuba i sa obrazne strane kod gornjih kutnjaka. Kamenac treba redovno otklanjati. Ljekar to radi ru\u010dnim instrumentima ili ulrazvu\u010dnim aparatom. Nakon toga dolazi do krvarenja iz desni i ljekar ih ispira (tu\u0161iranje desni).<\/p>\n\n\n\n<ul><li>Da li je poslije lije\u010denja (va\u0111enja \u017eivca) zub &#8220;mrtav&#8221;?<\/li><\/ul>\n\n\n\n<p>To se samo tako ka\u017ee (i nije ta\u010dno). Dok je imao &#8220;\u017eivac&#8221; (nervno-vaskularni snop), on se preko njega hranio. Pored nerva u zub je ulazila jedna mala arterija a iz zuba je izlazila mala vena. Osnovna ishrana je i\u0161la preko te male arterije. Kada je pulpa oboljela, da bi zub bio sa\u010duvan, potrebno je da se odstrani ta obolela pulpa (&#8220;\u017eivac&#8221;) koja je hranila zub. Ali, va\u0111enjem &#8220;\u017eivca&#8221; zub nije mrtav, jer on dobija ishranu iz krvnih sudova koji dolaze iz vili\u010dne kosti. Ta\u010dno je da je ishrana takvog zuba umanjena, ali on nije nikako mrtav. Jer, da je tako, organizam bi ga odbacio kao strano telo. Tako lije\u010den zub je krtiji od ostalih zuba i \u010desto je potrebno da se oja\u010da ko\u010di\u0107em. Takav zub je \u010desto i tamniji od ostalih.<\/p>\n\n\n\n<ul><li>Da li treba mijenjati stare amalgam plombe?<\/li><\/ul>\n\n\n\n<p>Ako pacijent iz estetskih razloga \u017eeli da zamijeni postoje\u0107e amalgamske plombe mi \u0107emo mu u svakom slu\u010daju iza\u0107i u susret i postaviti kompozitne (bijele) plombe. Mi svojim pacijentima savjetujemo da mijenjaju stare amalgamske plombe samo onda kada je to neophodno, tj. ako je plomba lo\u0161a, ako se vide naprsline, ako je veza sa zubom oslabila, ako se pojavio karijes pored plombe.<\/p>\n\n\n\n<ul><li>Kada uklanjati umnjake?<\/li><\/ul>\n\n\n\n<p>Ako se utvrdi da donji umnjaci ne\u0107e da niknu pravilno (ura\u0111en rendgenski snimak), postoje prednosti da se oni uklone ranije, dok korjenovi ne zavr\u0161e rast (to je oko 16. godine). Korjenovi su tada formirani do polovine, zavr\u0161eno uspravljenje umnjaka, manja je tjeskoba u predjelu sjekuti\u0107a i dijete je u tom uzrastu dobro za saradnju tokom hirur\u0161ke intervencije. Ali, ako se jo\u0161 i u osmoj godini utvrdi da umnjaci ne\u0107e imati mjesta, mo\u017ee da se planira germectomio (\u017eermektomija), va\u0111enje zubne klice, jer jo\u0161 nije po\u010dela kalcifikacija zubne krune.<\/p>\n","protected":false},"excerpt":{"rendered":"<p>Stranica posve\u0107ena savjetima o njezi i za\u0161titi zuba. Od samog osnivanja Stomatolo\u0161ka ordinacija dr Topi\u0107 posebnu pa\u017enju poklanja edukovanju svojih pacijenata. Tako je i danas: \u017eelja za nesebi\u010dnim davanjem i pru\u017eanjem informacija bitan je segment profesionalne djelatnosti. Razgovor sa pacijentom je neophodan, to je pristup kojim se ostvaruje kontakt sa pacijentom. \u017delimo da Vas posavjetujemo, [&hellip;]<\/p>\n","protected":false},"author":1,"featured_media":0,"parent":0,"menu_order":0,"comment_status":"closed","ping_status":"closed","template":"","meta":[],"_links":{"self":[{"href":"https:\/\/drtopic.com\/index.php?rest_route=\/wp\/v2\/pages\/16"}],"collection":[{"href":"https:\/\/drtopic.com\/index.php?rest_route=\/wp\/v2\/pages"}],"about":[{"href":"https:\/\/drtopic.com\/index.php?rest_route=\/wp\/v2\/types\/page"}],"author":[{"embeddable":true,"href":"https:\/\/drtopic.com\/index.php?rest_route=\/wp\/v2\/users\/1"}],"replies":[{"embeddable":true,"href":"https:\/\/drtopic.com\/index.php?rest_route=%2Fwp%2Fv2%2Fcomments&post=16"}],"version-history":[{"count":3,"href":"https:\/\/drtopic.com\/index.php?rest_route=\/wp\/v2\/pages\/16\/revisions"}],"predecessor-version":[{"id":142,"href":"https:\/\/drtopic.com\/index.php?rest_route=\/wp\/v2\/pages\/16\/revisions\/142"}],"wp:attachment":[{"href":"https:\/\/drtopic.com\/index.php?rest_route=%2Fwp%2Fv2%2Fmedia&parent=16"}],"curies":[{"name":"wp","href":"https:\/\/api.w.org\/{rel}","templated":true}]}}