{"id":2,"date":"2016-05-10T03:48:21","date_gmt":"2016-05-10T03:48:21","guid":{"rendered":"http:\/\/wp452m.a10-52-158-154.qa.plesk.ru\/wordpress\/?page_id=2"},"modified":"2021-12-26T14:34:01","modified_gmt":"2021-12-26T14:34:01","slug":"sample-page","status":"publish","type":"page","link":"https:\/\/drtopic.com\/?page_id=2","title":{"rendered":"O NAMA"},"content":{"rendered":"\n<p>Mi smo privatna stomatolo\u0161ka ordinacija sa tradicijom od 1996. godine. Pru\u017eamo usluge kompletnog stomatolo\u0161kog programa, uz veliku pa\u017enju malim pacijentima, posebno na spre\u010davanju nastajanja karijesa, te time izbjegavanju nepotrebnog straha od stomatolo\u0161kih usluga. U tu svrhu upotrebljavamo nove i savremene tehnologije rada i pratimo najnovija zbivanja i napretke u stomatologiji. Upravo u skladu s tim pra\u0107enjima nudimo Vam najnovije usluge bezbolnog zahvata bez bru\u0161enja na pokvarenom zubu.<\/p>\n\n\n\n<p><br>Od samog osnivanja Stomatolo\u0161ka ordinacija &#8220;dr Topi\u0107&#8221; posebnu pa\u017enju poklanja edukovanju svojih pacijenata. Tako je i danas: \u017eelja za nesebi\u010dnim davanjem i pru\u017eanjem informacija bitan je segment profesionalne djelatnosti. Razgovor sa pacijentom je neophodan, to je pristup kojim se ostvaruje kontakt sa pacijentom.<\/p>\n\n\n\n<p><br>Dijagnostika, lije\u010denje i ostale stomatolo\u0161ke usluge sprovode se u lijepo i savremeno ure\u0111enim prostorijama privatne ordinacije, a kako bismo pacijentu pru\u017eili svu mogu\u0107u brigu o zdravlju, mogu\u0107a je i saradnja sa drugim specijalisti\u010dkim ordinacijama. U skladu s napretkom tehnologije, u ordinaciji se primjenjuju najnovije generacije materijala, vrhunska tehnika i pomagala koja omogu\u0107avaju precizan, funkcionalan i estetski rad. Nametnuti ritam \u017eivota zahtjeva brzu i kvalitetnu uslugu, stoga termine ugovaramo prema \u017eeljama pacijenata. Ordinacija, po potrebi, radi i u kasnijim satima i vikendom. Hitne slu\u010dajeve primamo odmah, a pristup je isklju\u010divo medicinski.<\/p>\n\n\n\n<div class=\"is-layout-flow wp-block-group\"><div class=\"wp-block-group__inner-container\">\n<div class=\"is-layout-flow wp-block-group\"><div class=\"wp-block-group__inner-container\">\n<div class=\"is-layout-flex wp-container-3 wp-block-columns\">\n<div class=\"is-layout-flow wp-block-column\" style=\"flex-basis:100%\">\n<div class=\"is-layout-flow wp-block-group\"><div class=\"wp-block-group__inner-container\">\n<p>Svi zahvati su bezbolni, a usluge se pru\u017eaju u vedroj i toploj atmosferi. Ambijent je ugodan i klimatizovan, a raspolo\u017eenje pacijenata uvijek dobro. Trudimo se da strah od stomatolo\u0161kog zahvata u na\u0161oj ordinaciji bude nepoznat. Iskustvo u radu i savremeni pristup ka pacijentima, zalog su kvaliteta i uspje\u0161nosti rada, te na taj na\u010din ordinacija dr Topi\u0107 sti\u010de sve vi\u0161e zadovoljnih pacijenata.<\/p>\n<\/div><\/div>\n<\/div>\n<\/div>\n<\/div><\/div>\n<\/div><\/div>\n\n\n\n<p>&nbsp;<\/p>\n\n\n\n<p><\/p>\n","protected":false},"excerpt":{"rendered":"<p>Mi smo privatna stomatolo\u0161ka ordinacija sa tradicijom od 1996. godine. Pru\u017eamo usluge kompletnog stomatolo\u0161kog programa, uz veliku pa\u017enju malim pacijentima, posebno na spre\u010davanju nastajanja karijesa, te time izbjegavanju nepotrebnog straha od stomatolo\u0161kih usluga. U tu svrhu upotrebljavamo nove i savremene tehnologije rada i pratimo najnovija zbivanja i napretke u stomatologiji. Upravo u skladu s tim [&hellip;]<\/p>\n","protected":false},"author":1,"featured_media":0,"parent":0,"menu_order":0,"comment_status":"closed","ping_status":"open","template":"","meta":[],"_links":{"self":[{"href":"https:\/\/drtopic.com\/index.php?rest_route=\/wp\/v2\/pages\/2"}],"collection":[{"href":"https:\/\/drtopic.com\/index.php?rest_route=\/wp\/v2\/pages"}],"about":[{"href":"https:\/\/drtopic.com\/index.php?rest_route=\/wp\/v2\/types\/page"}],"author":[{"embeddable":true,"href":"https:\/\/drtopic.com\/index.php?rest_route=\/wp\/v2\/users\/1"}],"replies":[{"embeddable":true,"href":"https:\/\/drtopic.com\/index.php?rest_route=%2Fwp%2Fv2%2Fcomments&post=2"}],"version-history":[{"count":14,"href":"https:\/\/drtopic.com\/index.php?rest_route=\/wp\/v2\/pages\/2\/revisions"}],"predecessor-version":[{"id":214,"href":"https:\/\/drtopic.com\/index.php?rest_route=\/wp\/v2\/pages\/2\/revisions\/214"}],"wp:attachment":[{"href":"https:\/\/drtopic.com\/index.php?rest_route=%2Fwp%2Fv2%2Fmedia&parent=2"}],"curies":[{"name":"wp","href":"https:\/\/api.w.org\/{rel}","templated":true}]}}